{"id":56,"date":"2023-02-12T19:46:08","date_gmt":"2023-02-12T19:46:08","guid":{"rendered":"https:\/\/schuetzenverein-werther.de\/?page_id=56"},"modified":"2026-04-23T16:57:05","modified_gmt":"2026-04-23T16:57:05","slug":"impressum","status":"publish","type":"page","link":"https:\/\/schuetzenverein-werther.de\/?page_id=56","title":{"rendered":"Impressum"},"content":{"rendered":"\n<p><strong>Adresse &amp; Kontakt des Vereins:<\/strong><\/p>\n\n\n\n<p>1. Vorsitzende:<br>Axel Haake<br>Schuhmannstrasse 17<br>99734 Nordhausen<br>Tel. 0176\/20469477<br>info@schuetzenverein-werther.de<\/p>\n\n\n\n<p>Eingetragen unter der Nummer 129 beim AG Nordhausen \/ Vereinsregister am 02.10.1990<br><\/p>\n\n\n\n<h3 class=\"wp-block-heading\">Vorstandsmitglieder laut BGB sind folgende Mitglieder:<\/h3>\n\n\n\n<p>Funktion \u00a0\u00a0\u00a0\u00a0\u00a0\u00a0\u00a0\u00a0\u00a0\u00a0\u00a0Name<br><br>1. Vorsitzender Axel Haake<br><br>2. Vorsitzender Mario Schmidt<br><br>Schatzmeister Henry Ludwig<br><br>Schriftf\u00fchrerin Birgit Ludwig<br><\/p>\n\n\n\n<p>F\u00fcr Termine und Ausschreibungen sind wir auch unter folgender e-Mail erreichbar:<\/p>\n\n\n\n<p><br>info@schuetzenverein-werther.de<\/p>\n\n\n\n<p>Hinweise zu Urheberrecht und Haftung: Alle angebotenen Inhalte dienen ausschlie\u00dflich der Information. Die auf diesen Internetseiten \u00f6ffentlich zug\u00e4nglich gemachten Dokumente einschlie\u00dflich anderer dazugeh\u00f6riger Daten wie z.B. Texte, Bilder, Grafiken, Programmiercodes sind urheberrechtlich gesch\/uuml;tzt. F\u00fcr Dokumente, die in elektronischer Form \u00fcber Datennetze angeboten werden, gilt uneingeschr\u00e4nkt das Urheberrechtsgesetz (UrhG). Insbesondere gilt: Einzelne Vervielf\u00e4ltigungen, z.B. Kopien und Ausdrucke, d\u00fcrfen nur zum privaten und sonstigen eigenen Gebrauch angefertigt werden (Paragraph 53 UrhG). Die Herstellung und Verbreitung von weiteren Reproduktionen ist nur mit ausdr\u00fccklicher Genehmigung des Urhebers gestattet. Der Benutzer ist f\u00fcr die Einhaltung der Rechtsvorschriften selbst verantwortlich und kann bei Missbrauch haftbar gemacht werden. Alle Informationen und Inhalte auf diesen Internetseiten werden ohne Gew\u00e4hr f\u00fcr ihre Richtigkeit, Aktualit\u00e4t und Vollstndigkeit angeboten. In keinem Fall wird f\u00fcr Sch\u00e4den, die sich aus der Verwendung der abgerufenen Informationen ergeben, eine Haftung \u00fcbernommen. F\u00fcr die Inhalte der \u00fcber Hyperlinks verbundenen Angebote auf andere Internetseiten sind die jeweiligen Betreiber verantwortlich. Wir haben keinerlei Einfluss auf die Gestaltung und die Inhalte der gelinkten Seiten. Deshalb distanzieren wir uns hiermit ausdr\u00fccklich von allen Inhalten aller gelinkten Seiten auf unserer gesamten Webseite inklusive aller Unterseiten. Diese Erkl\u00e4rung gilt f\u00a8r alle auf unserer Homepage ausgebrachten Links und f\u00fcr alle Inhalte der Seiten, zu deren Links oder Banner f\u00fcren. Die Wiedergabe von Namen und Marken sowie in den \u00f6ffentlich zug\u00e4nglich gemachten Dokumenten berechtigt auch ohne besondere Kennzeichnung nicht zu der Annahme, dass solche Namen und Marken im Sinne des Wettbewerbs- und Markenrechts als frei zu betrachten sind und von jedermann benutzt werden d\u00fcrfen. Alle angebotenen Inhalte und Dienste sowie s\u00e4mtliches mit dieser Web-Site zusammenh\u00e4ngendes Tun, Dulden oder Unterlassen unterliegt ausschlie\u00dflich deutschem Recht.<\/p>\n\n\n\n<h4 class=\"wp-block-heading\">Hiermit gehen wir dem Artikel 12 DSGVO nach und informieren \u00fcber Art. 13 &amp; 14 DSGVO (Art. 12 DSGVO Transparente Information, Kommunikation und Modalit\u00e4ten f\u00fcr die Aus\u00fcbung der Rechte der betroffenen Person)<\/h4>\n\n\n\n<p>Informationspflichten nach Artikel 13 und 14 DSGVO Nach Artikel 13 und 14 EU-DSGVO hat der Verantwortliche einer betroffenen Person, deren Daten er verarbeitet, die in den Artikeln genannten Informationen bereit zu stellen. Dieser Informationspflicht kommt dieses Merkblatt nach. 1. Namen und Kontaktdaten des Verantwortlichen sowie gegebenenfalls seiner Vertreter: Sch\u00fctzenverein Werther e.V. Schuhmannstrasse 17 99734 Nordhausen gesetzlich vertreten durch den Vorstand nach \u00a7 26 BGB, Herr Axel Haake &amp; Herr Mario Schmidt; E-Mail: info@schuetzenverein-werther.de 2. Zwecke, f\u00fcr die personenbezogenen Daten verarbeitet werden: Die personenbezogenen Daten werden f\u00fcr die Durchf\u00fchrung des Mitgliedschaftsverh\u00e4ltnisses verarbeitet (z.B. Einladung zu Versammlungen, Beitragsmahnung, Organisation des Sportbetriebes). Ferner werden personenbezogene Daten zur Teilnahme am Wettkampf-, Turnier- und Spielbetrieb der Landesfachverb\u00e4nde an diese weitergeleitet. Dar\u00fcber hinaus werden personenbezogene Daten im Zusammenhang mit sportlichen Ereignissen einschlie\u00dflich der Berichterstattung hier\u00fcber auf der Internetseite des Vereins, in Auftritten des Vereins in Sozialen Medien sowie auf Seiten der Fachverb\u00e4nde ver\u00f6ffentlicht und an lokale, regionale und \u00fcberregionale Printmedien \u00fcbermittelt. 3. Rechtsgrundlagen, auf Grund derer die Verarbeitung erfolgt: Die Verarbeitung der personenbezogenen Daten erfolgt in der Regel aufgrund der Erforderlichkeit zur Erf\u00fcllung eines Vertrages gem\u00e4\u00df Artikel 6 Abs. 1 lit. b) DSGVO. Bei den Vertragsverh\u00e4ltnissen handelt es sich in erster Linie um das Mitgliedschaftsverh\u00e4ltnis im Verein und um die Teilnahme am Spielbetrieb der Fachverb\u00e4nde. Werden personenbezogene Daten erhoben, ohne dass die Verarbeitung zur Erf\u00fcllung des Vertrages erforderlich ist, erfolgt die Verarbeitung aufgrund einer Einwilligung nach Artikel 6 Abs. 1 lit. a) i.V.m. Artikel 7 DSGVO. Die Ver\u00f6ffentlichung personenbezogener Daten im Internet oder in lokalen, regionalen oder \u00fcberregionalen Printmedien erfolgt zur Wahrung berechtigter Interessen des Vereins (vgl. Artikel 6 Abs. 1 lit. f) DSGVO). Das berechtigte Interesse des Vereins besteht in der Information der \u00d6ffentlichkeit durch Berichtserstattung \u00fcber die Aktivit\u00e4ten des Vereins. In diesem Rahmen werden personenbezogene Daten einschlie\u00dflich von Bildern der Teilnehmer zum Beispiel im Rahmen der Berichterstattung \u00fcber sportliche Ereignisse des Vereins ver\u00f6ffentlicht. 4. Die Empf\u00e4nger oder Kategorien von Empf\u00e4ngern der personenbezogenen Daten: Personenbezogene Daten der Mitglieder, die am Spiel- und Wettkampfbetrieb der Landesfachverb\u00e4nde teilnehmen, werden zum Erwerb einer Lizenz, einer Wertungskarte, eines Spielerpasses oder sonstiger Teilnahmeberechtigung an den jeweiligen Landesfachverband weitergegeben. Die Daten der Bankverbindung der Mitglieder werden zum Zwecke des Beitragseinzugs an die Sparkasse Nordhausen weitergeleitet. 5. Die Dauer, f\u00fcr die die personenbezogenen Daten gespeichert werden oder, falls dies nicht m\u00f6glich ist, die Kriterien f\u00fcr die Festlegung der Dauer: Die personenbezogenen Daten werden f\u00fcr die Dauer der Mitgliedschaft gespeichert. Mit Beendigung der Mitgliedschaft werden die Datenkategorien gem\u00e4\u00df den gesetzlichen Aufbewahrungsfristen vorgehalten und dann gel\u00f6scht. In der Zeit zwischen Beendigung der Mitgliedschaft und der L\u00f6schung wird die Verarbeitung dieser Daten eingeschr\u00e4nkt. Bestimmte Datenkategorien werden zum Zweck der Vereinschronik im Vereinsarchiv gespeichert. Hierbei handelt es sich um die Kategorien Vorname, Nachname, Zugeh\u00f6rigkeit zu einer Mannschaft, besondere sportliche Erfolge oder Ereignisse, an denen die betroffene Person mitgewirkt hat. Der Speicherung liegt ein berechtigtes Interesse des Vereins an der zeitgeschichtlichen Dokumentation von sportlichen Ereignissen und Erfolgen und der jeweiligen Zusammensetzung der Mannschaften zugrunde. Alle Daten der \u00fcbrigen Kategorien (z.B. Bankdaten, Anschrift, Kontaktdaten) werden mit Beendigung der Mitgliedschaft gel\u00f6scht. 7. Der betroffenen Person stehen unter den in den Artikeln jeweils genannten Voraussetzungen die nachfolgenden Rechte zu: \u00b7 das Recht auf Auskunft nach Artikel 15 DSGVO, \u00b7 das Recht auf Berichtigung nach Artikel 16 DSGVO, \u00b7 das Recht auf L\u00f6schung nach Artikel 17 DSGVO, \u00b7 das Recht auf Einschr\u00e4nkung der Verarbeitung nach Artikel 18 DSGVO, \u00b7 das Recht auf Daten\u00fcbertragbarkeit nach Artikel 20 DSGVO, \u00b7 das Widerspruchsrecht nach Artikel 21 DSGVO, \u00b7 das Recht auf Beschwerde bei einer Aufsichtsbeh\u00f6rde nach Artikel 77 DSGVO \u00b7 das Recht, eine erteilte Einwilligung jederzeit widerrufen zu k\u00f6nnen, ohne dass die Rechtm\u00e4\u00dfigkeit der aufgrund der Einwilligung bis zum Widerruf erfolgten Verarbeitung hierdurch ber\u00fchrt wird. 8. Die Quelle, aus der die personenbezogenen Daten stammen: Die personenbezogenen Daten werden grunds\u00e4tzlich im Rahmen des Erwerbs der Mitgliedschaft erhoben. Ende der Informationspflicht Stand: April 2018 3 Quelle: Landessportbund Nordrhein-Westfalen e.V. http:\/\/www.vibss.de\/ Autor: Elmar Lumer<\/p>\n","protected":false},"excerpt":{"rendered":"<p>Adresse &amp; Kontakt des Vereins: 1. Vorsitzende:Axel HaakeSchuhmannstrasse 1799734 NordhausenTel. 0176\/20469477info@schuetzenverein-werther.de Eingetragen unter der Nummer 129 beim AG Nordhausen \/ Vereinsregister am 02.10.1990 Vorstandsmitglieder laut BGB sind folgende Mitglieder: Funktion [&hellip;]<\/p>\n","protected":false},"author":1,"featured_media":0,"parent":0,"menu_order":0,"comment_status":"closed","ping_status":"closed","template":"","meta":[],"_links":{"self":[{"href":"https:\/\/schuetzenverein-werther.de\/index.php?rest_route=\/wp\/v2\/pages\/56"}],"collection":[{"href":"https:\/\/schuetzenverein-werther.de\/index.php?rest_route=\/wp\/v2\/pages"}],"about":[{"href":"https:\/\/schuetzenverein-werther.de\/index.php?rest_route=\/wp\/v2\/types\/page"}],"author":[{"embeddable":true,"href":"https:\/\/schuetzenverein-werther.de\/index.php?rest_route=\/wp\/v2\/users\/1"}],"replies":[{"embeddable":true,"href":"https:\/\/schuetzenverein-werther.de\/index.php?rest_route=%2Fwp%2Fv2%2Fcomments&post=56"}],"version-history":[{"count":4,"href":"https:\/\/schuetzenverein-werther.de\/index.php?rest_route=\/wp\/v2\/pages\/56\/revisions"}],"predecessor-version":[{"id":280,"href":"https:\/\/schuetzenverein-werther.de\/index.php?rest_route=\/wp\/v2\/pages\/56\/revisions\/280"}],"wp:attachment":[{"href":"https:\/\/schuetzenverein-werther.de\/index.php?rest_route=%2Fwp%2Fv2%2Fmedia&parent=56"}],"curies":[{"name":"wp","href":"https:\/\/api.w.org\/{rel}","templated":true}]}}